{"id":33,"date":"2023-09-29T08:10:27","date_gmt":"2023-09-29T08:10:27","guid":{"rendered":"https:\/\/demo.bravisthemes.com\/gotranscom\/?page_id=33"},"modified":"2025-03-06T21:56:39","modified_gmt":"2025-03-06T20:56:39","slug":"karrier","status":"publish","type":"page","link":"https:\/\/sme-europe.com\/de\/karrier\/","title":{"rendered":"Karriere"},"content":{"rendered":"\t\t<div data-elementor-type=\"wp-page\" data-elementor-id=\"33\" class=\"elementor elementor-33\" data-elementor-post-type=\"page\">\n\t\t\t\t        <section class=\"elementor-section elementor-top-section elementor-element elementor-element-fc23c29 elementor-section-content-middle elementor-section-stretched elementor-section-boxed elementor-section-height-default elementor-section-height-default pxl-row-scroll-none pxl-section-overflow-visible pxl-bg-color-none pxl-section-overlay-none\" data-id=\"fc23c29\" data-element_type=\"section\" data-e-type=\"section\" data-settings=\"{&quot;stretch_section&quot;:&quot;section-stretched&quot;}\">\n\n                \n                <div class=\"elementor-container elementor-column-gap-extended \">\n                <div class=\"elementor-column elementor-col-50 elementor-top-column elementor-element elementor-element-5f7a9bb pxl-column-none pxl-column-overflow-hidden-no\" data-id=\"5f7a9bb\" data-element_type=\"column\" data-e-type=\"column\">\r\n        <div class=\"elementor-widget-wrap elementor-element-populated\">\r\n                     \r\n        \t\t<div class=\"elementor-element elementor-element-130ca49 elementor-widget elementor-widget-pxl_heading\" data-id=\"130ca49\" data-element_type=\"widget\" data-e-type=\"widget\" data-widget_type=\"pxl_heading.default\">\n\t\t\t\t<div class=\"elementor-widget-container\">\n\t\t\t\t\t<div id=\"pxl-pxl_heading-130ca49-8692\" class=\"pxl-heading pxl-heading--tcustom px-sub-title-box-style\">\n\t<div class=\"pxl-heading--inner\">\n\t\t\t\t\n\t\t<div class=\"pxl-item--subtitle px-sub-title-box \" data-wow-delay=\"ms\">\n\t\t\t<span class=\"pxl-item--subtext\">\n\t\t\t\t\t\t\t\tSME-Europe Kft. r\u00e9sz\u00e9nek lenni akt\u00edv alkot\u00e1ssal egyenl\u0151.\t\t\t<\/span>\n\t\t<\/div>\n\t\t\n\t<h3 class=\"pxl-item--title \" data-wow-delay=\"ms\">\n\tKarrier\t\t\t\n\t<\/h3>\n\t\n<\/div>\n<\/div>\t\t\t\t<\/div>\n\t\t\t\t<\/div>\n\t\t\t\t<div class=\"elementor-element elementor-element-2f1e15f elementor-widget elementor-widget-text-editor\" data-id=\"2f1e15f\" data-element_type=\"widget\" data-e-type=\"widget\" data-widget_type=\"text-editor.default\">\n\t\t\t\t<div class=\"elementor-widget-container\">\n\t\t\t\t\t\t\t\t\t<p>A sikeress\u00e9g sz\u00e1munkra a gazdas\u00e1goss\u00e1gb\u00f3l, t\u00e1rsadalmi felel\u0151ss\u00e9gv\u00e1llal\u00e1sb\u00f3l \u00e9s pozit\u00edv v\u00e1ltoz\u00e1sok alkotj\u00e1k.<\/p><p>Mi olyan koll\u00e1g\u00e1t\/koll\u00e9g\u00e1kat keres\u00fcnk akik a saj\u00e1t \u201e\u00e1rny\u00e9kukat\u201d \u00e1tugorj\u00e1k \u00e9s az \u00e9rt\u00e9keinket k\u00e9pviselni tudj\u00e1k.<\/p><p>Tudsz ezekkel azonosulni?<\/p><p>Akkor \u00f6r\u00f6mmel vessz\u00fck a jelentkez\u00e9sedet az info@sme-europe.com c\u00edmre!<\/p>\t\t\t\t\t\t\t\t<\/div>\n\t\t\t\t<\/div>\n\t\t\t\t<div class=\"elementor-element elementor-element-83e67ce elementor-widget elementor-widget-spacer\" data-id=\"83e67ce\" data-element_type=\"widget\" data-e-type=\"widget\" data-widget_type=\"spacer.default\">\n\t\t\t\t<div class=\"elementor-widget-container\">\n\t\t\t\t\t\t\t<div class=\"elementor-spacer\">\n\t\t\t<div class=\"elementor-spacer-inner\"><\/div>\n\t\t<\/div>\n\t\t\t\t\t\t<\/div>\n\t\t\t\t<\/div>\n\t\t\t\t<div class=\"elementor-element elementor-element-ccbc9e8 elementor-align-left elementor-align-left elementor-widget elementor-widget-pxl_button\" data-id=\"ccbc9e8\" data-element_type=\"widget\" data-e-type=\"widget\" data-widget_type=\"pxl_button.default\">\n\t\t\t\t<div class=\"elementor-widget-container\">\n\t\t\t\t\t<div id=\"pxl-pxl_button-ccbc9e8-9826\" class=\"pxl-button  inline\" data-wow-delay=\"ms\">\r\n                <a href=\"mailto:info@sme-europe.com\" class=\"btn btn-default top-left pxl-icon-active btn-primary  pxl-icon--left\" data-wow-delay=\"ms\">\r\n                                <span class=\"pxl--btn-text\" data-text=\"Jelentkez\u00e9s\">\r\n                Jelentkez\u00e9s                <\/span>\r\n                 \r\n            <\/a>\r\n        <\/div>\t\t\t\t<\/div>\n\t\t\t\t<\/div>\n\t\t            <\/div>\r\n        <\/div>\r\n                <div class=\"elementor-column elementor-col-50 elementor-top-column elementor-element elementor-element-41561ff pxl-column-none pxl-column-overflow-hidden-no\" data-id=\"41561ff\" data-element_type=\"column\" data-e-type=\"column\">\r\n        <div class=\"elementor-widget-wrap elementor-element-populated\">\r\n                     \r\n        \t\t<div class=\"elementor-element elementor-element-1243a26 elementor-widget elementor-widget-image\" data-id=\"1243a26\" data-element_type=\"widget\" data-e-type=\"widget\" data-widget_type=\"image.default\">\n\t\t\t\t<div class=\"elementor-widget-container\">\n\t\t\t\t\t\t\t\t\t\t\t\t\t\t\t<img fetchpriority=\"high\" decoding=\"async\" width=\"1024\" height=\"683\" src=\"https:\/\/sme-europe.com\/wp-content\/uploads\/2024\/11\/dylan-gillis-KdeqA3aTnBY-unsplash-3-1024x683-1.jpg\" class=\"attachment-large size-large wp-image-10532\" alt=\"Karrier SME-Europe-n\u00e1l: csatlakozzon csapatunkhoz! Ismerje meg aktu\u00e1lis \u00e1ll\u00e1saj\u00e1nlatainkat, \u00e9s k\u00fcldje el jelentkez\u00e9s\u00e9t m\u00e9g ma!\" srcset=\"https:\/\/sme-europe.com\/wp-content\/uploads\/2024\/11\/dylan-gillis-KdeqA3aTnBY-unsplash-3-1024x683-1.jpg 1024w, https:\/\/sme-europe.com\/wp-content\/uploads\/2024\/11\/dylan-gillis-KdeqA3aTnBY-unsplash-3-1024x683-1-300x200.jpg 300w, https:\/\/sme-europe.com\/wp-content\/uploads\/2024\/11\/dylan-gillis-KdeqA3aTnBY-unsplash-3-1024x683-1-768x512.jpg 768w, https:\/\/sme-europe.com\/wp-content\/uploads\/2024\/11\/dylan-gillis-KdeqA3aTnBY-unsplash-3-1024x683-1-600x400.jpg 600w\" sizes=\"(max-width: 1024px) 100vw, 1024px\" \/>\t\t\t\t\t\t\t\t\t\t\t\t\t\t\t<\/div>\n\t\t\t\t<\/div>\n\t\t            <\/div>\r\n        <\/div>\r\n        \t\t\t<\/div>\n\t\t<\/section>\n\t\t        <section class=\"elementor-section elementor-top-section elementor-element elementor-element-b12bb09 elementor-section-stretched elementor-section-boxed elementor-section-height-default elementor-section-height-default pxl-row-scroll-none pxl-section-overflow-visible pxl-bg-color-none pxl-section-overlay-none\" data-id=\"b12bb09\" data-element_type=\"section\" data-e-type=\"section\" data-settings=\"{&quot;stretch_section&quot;:&quot;section-stretched&quot;}\">\n\n                \n                <div class=\"elementor-container elementor-column-gap-extended \">\n                <div class=\"elementor-column elementor-col-100 elementor-top-column elementor-element elementor-element-032a077 pxl-column-none pxl-column-overflow-hidden-no\" data-id=\"032a077\" data-element_type=\"column\" data-e-type=\"column\">\r\n        <div class=\"elementor-widget-wrap elementor-element-populated\">\r\n                     \r\n        \t\t<div class=\"elementor-element elementor-element-831a247 pxl-post-layout-carrer-1 elementor-widget elementor-widget-pxl_post_grid\" data-id=\"831a247\" data-element_type=\"widget\" data-e-type=\"widget\" data-widget_type=\"pxl_post_grid.default\">\n\t\t\t\t<div class=\"elementor-widget-container\">\n\t\t\t\t\t\n<div id=\"pxl_post_grid-831a247-9581\" class=\"pxl-grid pxl-carrer-grid pxl-carrer-grid-layout1 pxl-carrer-style1\" data-layout=\"masonry\" data-start-page=\"1\" data-max-pages=\"0\" data-total=\"0\" data-perpage=\"9\" data-next-link=\"https:\/\/sme-europe.com\/de\/wp-json\/wp\/v2\/pages\/33\/page\/2\/\">\n    \n    <div class=\"pxl-grid-inner pxl-grid-masonry row\" data-gutter=\"15\">\n        <div class=\"grid-sizer col-xl-4 col-lg-4 col-md-6 col-sm-6 col-12\"><\/div>\n            <\/div>\n            <div class=\"pxl-grid-pagination\" data-loadmore=\"{&quot;post_type&quot;:&quot;carrer&quot;,&quot;layout&quot;:&quot;carrer-1&quot;,&quot;startPage&quot;:1,&quot;maxPages&quot;:0,&quot;total&quot;:0,&quot;perpage&quot;:9,&quot;nextLink&quot;:&quot;https:\\\/\\\/sme-europe.com\\\/de\\\/wp-json\\\/wp\\\/v2\\\/pages\\\/33\\\/page\\\/2\\\/&quot;,&quot;source&quot;:&quot;&quot;,&quot;orderby&quot;:&quot;date&quot;,&quot;order&quot;:&quot;desc&quot;,&quot;limit&quot;:9,&quot;post_ids&quot;:[],&quot;col_xl&quot;:4,&quot;col_lg&quot;:4,&quot;col_md&quot;:6,&quot;col_sm&quot;:6,&quot;col_xs&quot;:12,&quot;pagination_type&quot;:&quot;pagination&quot;,&quot;button_apply&quot;:&quot;https:\\\/\\\/demo.bravisthemes.com\\\/loraic\\\/contact-us-1\\\/&quot;,&quot;show_excerpt&quot;:&quot;true&quot;,&quot;num_words&quot;:25,&quot;show_button&quot;:&quot;true&quot;,&quot;button_text&quot;:&quot;&quot;,&quot;img_size&quot;:&quot;&quot;,&quot;grid_masonry&quot;:&quot;&quot;,&quot;pxl_animate&quot;:&quot;&quot;,&quot;html_id&quot;:&quot;pxl_post_grid-831a247-9581&quot;,&quot;tax&quot;:[&quot;carrer-category&quot;]}\" data-query=\"{&quot;post_type&quot;:&quot;carrer&quot;,&quot;post_status&quot;:&quot;publish&quot;,&quot;posts_per_page&quot;:9,&quot;order&quot;:&quot;desc&quot;,&quot;orderby&quot;:&quot;date&quot;,&quot;tax_query&quot;:{&quot;relation&quot;:&quot;OR&quot;},&quot;post__not_in&quot;:[33]}\">\n                    <\/div>\n        <\/div>\t\t\t\t<\/div>\n\t\t\t\t<\/div>\n\t\t            <\/div>\r\n        <\/div>\r\n        \t\t\t<\/div>\n\t\t<\/section>\n\t\t\t\t<\/div>\n\t\t","protected":false},"excerpt":{"rendered":"<p>SME-Europe Kft. r\u00e9sz\u00e9nek lenni akt\u00edv alkot\u00e1ssal egyenl\u0151. Karrier A sikeress\u00e9g sz\u00e1munkra a gazdas\u00e1goss\u00e1gb\u00f3l, t\u00e1rsadalmi felel\u0151ss\u00e9gv\u00e1llal\u00e1sb\u00f3l \u00e9s pozit\u00edv v\u00e1ltoz\u00e1sok alkotj\u00e1k. Mi olyan koll\u00e1g\u00e1t\/koll\u00e9g\u00e1kat keres\u00fcnk akik a saj\u00e1t \u201e\u00e1rny\u00e9kukat\u201d \u00e1tugorj\u00e1k \u00e9s az \u00e9rt\u00e9keinket k\u00e9pviselni tudj\u00e1k. Tudsz ezekkel azonosulni? Akkor \u00f6r\u00f6mmel vessz\u00fck a jelentkez\u00e9sedet az info@sme-europe.com c\u00edmre! Jelentkez\u00e9s<\/p>","protected":false},"author":1,"featured_media":0,"parent":0,"menu_order":0,"comment_status":"closed","ping_status":"closed","template":"","meta":{"footnotes":""},"class_list":["post-33","page","type-page","status-publish","hentry"],"yoast_head":"<!-- This site is optimized with the Yoast SEO plugin v27.5 - https:\/\/yoast.com\/product\/yoast-seo-wordpress\/ -->\n<title>Karrier - SME-Europe Ltd.<\/title>\n<meta name=\"description\" content=\"Karrier SME-Europe-n\u00e1l: csatlakozzon csapatunkhoz! Ismerje meg aktu\u00e1lis \u00e1ll\u00e1saj\u00e1nlatainkat, \u00e9s k\u00fcldje el jelentkez\u00e9s\u00e9t m\u00e9g ma!\" \/>\n<meta name=\"robots\" content=\"index, follow, max-snippet:-1, max-image-preview:large, max-video-preview:-1\" \/>\n<link rel=\"canonical\" href=\"https:\/\/sme-europe.com\/de\/karrier\/\" \/>\n<meta property=\"og:locale\" content=\"de_DE\" \/>\n<meta property=\"og:type\" content=\"article\" \/>\n<meta property=\"og:title\" content=\"Karrier - SME-Europe Ltd.\" \/>\n<meta property=\"og:description\" content=\"Karrier SME-Europe-n\u00e1l: csatlakozzon csapatunkhoz! Ismerje meg aktu\u00e1lis \u00e1ll\u00e1saj\u00e1nlatainkat, \u00e9s k\u00fcldje el jelentkez\u00e9s\u00e9t m\u00e9g ma!\" \/>\n<meta property=\"og:url\" content=\"https:\/\/sme-europe.com\/de\/karrier\/\" \/>\n<meta property=\"og:site_name\" content=\"SME-Europe Ltd.\" \/>\n<meta property=\"article:modified_time\" content=\"2025-03-06T20:56:39+00:00\" \/>\n<meta property=\"og:image\" content=\"https:\/\/ujweblap.sme-europe.com\/wp-content\/uploads\/2024\/11\/dylan-gillis-KdeqA3aTnBY-unsplash-3-1024x683-1.jpg\" \/>\n<meta name=\"twitter:card\" content=\"summary_large_image\" \/>\n<meta name=\"twitter:label1\" content=\"Gesch\u00e4tzte Lesezeit\" \/>\n\t<meta name=\"twitter:data1\" content=\"1\u00a0Minute\" \/>\n<script type=\"application\/ld+json\" class=\"yoast-schema-graph\">{\"@context\":\"https:\\\/\\\/schema.org\",\"@graph\":[{\"@type\":\"WebPage\",\"@id\":\"https:\\\/\\\/sme-europe.com\\\/karrier\\\/\",\"url\":\"https:\\\/\\\/sme-europe.com\\\/karrier\\\/\",\"name\":\"Karrier - SME-Europe Ltd.\",\"isPartOf\":{\"@id\":\"https:\\\/\\\/sme-europe.com\\\/#website\"},\"primaryImageOfPage\":{\"@id\":\"https:\\\/\\\/sme-europe.com\\\/karrier\\\/#primaryimage\"},\"image\":{\"@id\":\"https:\\\/\\\/sme-europe.com\\\/karrier\\\/#primaryimage\"},\"thumbnailUrl\":\"https:\\\/\\\/ujweblap.sme-europe.com\\\/wp-content\\\/uploads\\\/2024\\\/11\\\/dylan-gillis-KdeqA3aTnBY-unsplash-3-1024x683-1.jpg\",\"datePublished\":\"2023-09-29T08:10:27+00:00\",\"dateModified\":\"2025-03-06T20:56:39+00:00\",\"description\":\"Karrier SME-Europe-n\u00e1l: csatlakozzon csapatunkhoz! Ismerje meg aktu\u00e1lis \u00e1ll\u00e1saj\u00e1nlatainkat, \u00e9s k\u00fcldje el jelentkez\u00e9s\u00e9t m\u00e9g ma!\",\"breadcrumb\":{\"@id\":\"https:\\\/\\\/sme-europe.com\\\/karrier\\\/#breadcrumb\"},\"inLanguage\":\"de\",\"potentialAction\":[{\"@type\":\"ReadAction\",\"target\":[\"https:\\\/\\\/sme-europe.com\\\/karrier\\\/\"]}]},{\"@type\":\"ImageObject\",\"inLanguage\":\"de\",\"@id\":\"https:\\\/\\\/sme-europe.com\\\/karrier\\\/#primaryimage\",\"url\":\"https:\\\/\\\/ujweblap.sme-europe.com\\\/wp-content\\\/uploads\\\/2024\\\/11\\\/dylan-gillis-KdeqA3aTnBY-unsplash-3-1024x683-1.jpg\",\"contentUrl\":\"https:\\\/\\\/ujweblap.sme-europe.com\\\/wp-content\\\/uploads\\\/2024\\\/11\\\/dylan-gillis-KdeqA3aTnBY-unsplash-3-1024x683-1.jpg\"},{\"@type\":\"BreadcrumbList\",\"@id\":\"https:\\\/\\\/sme-europe.com\\\/karrier\\\/#breadcrumb\",\"itemListElement\":[{\"@type\":\"ListItem\",\"position\":1,\"name\":\"Home\",\"item\":\"https:\\\/\\\/sme-europe.com\\\/\"},{\"@type\":\"ListItem\",\"position\":2,\"name\":\"Karrier\"}]},{\"@type\":\"WebSite\",\"@id\":\"https:\\\/\\\/sme-europe.com\\\/#website\",\"url\":\"https:\\\/\\\/sme-europe.com\\\/\",\"name\":\"SME-Europe Ltd.\",\"description\":\"Transportation &amp; Logistics Business\",\"potentialAction\":[{\"@type\":\"SearchAction\",\"target\":{\"@type\":\"EntryPoint\",\"urlTemplate\":\"https:\\\/\\\/sme-europe.com\\\/?s={search_term_string}\"},\"query-input\":{\"@type\":\"PropertyValueSpecification\",\"valueRequired\":true,\"valueName\":\"search_term_string\"}}],\"inLanguage\":\"de\"}]}<\/script>\n<!-- \/ Yoast SEO plugin. -->","yoast_head_json":{"title":"Karrier - SME-Europe Ltd.","description":"Karrier SME-Europe-n\u00e1l: csatlakozzon csapatunkhoz! Ismerje meg aktu\u00e1lis \u00e1ll\u00e1saj\u00e1nlatainkat, \u00e9s k\u00fcldje el jelentkez\u00e9s\u00e9t m\u00e9g ma!","robots":{"index":"index","follow":"follow","max-snippet":"max-snippet:-1","max-image-preview":"max-image-preview:large","max-video-preview":"max-video-preview:-1"},"canonical":"https:\/\/sme-europe.com\/de\/karrier\/","og_locale":"de_DE","og_type":"article","og_title":"Karrier - SME-Europe Ltd.","og_description":"Karrier SME-Europe-n\u00e1l: csatlakozzon csapatunkhoz! Ismerje meg aktu\u00e1lis \u00e1ll\u00e1saj\u00e1nlatainkat, \u00e9s k\u00fcldje el jelentkez\u00e9s\u00e9t m\u00e9g ma!","og_url":"https:\/\/sme-europe.com\/de\/karrier\/","og_site_name":"SME-Europe Ltd.","article_modified_time":"2025-03-06T20:56:39+00:00","og_image":[{"url":"https:\/\/ujweblap.sme-europe.com\/wp-content\/uploads\/2024\/11\/dylan-gillis-KdeqA3aTnBY-unsplash-3-1024x683-1.jpg","type":"","width":"","height":""}],"twitter_card":"summary_large_image","twitter_misc":{"Gesch\u00e4tzte Lesezeit":"1\u00a0Minute"},"schema":{"@context":"https:\/\/schema.org","@graph":[{"@type":"WebPage","@id":"https:\/\/sme-europe.com\/karrier\/","url":"https:\/\/sme-europe.com\/karrier\/","name":"Karrier - SME-Europe Ltd.","isPartOf":{"@id":"https:\/\/sme-europe.com\/#website"},"primaryImageOfPage":{"@id":"https:\/\/sme-europe.com\/karrier\/#primaryimage"},"image":{"@id":"https:\/\/sme-europe.com\/karrier\/#primaryimage"},"thumbnailUrl":"https:\/\/ujweblap.sme-europe.com\/wp-content\/uploads\/2024\/11\/dylan-gillis-KdeqA3aTnBY-unsplash-3-1024x683-1.jpg","datePublished":"2023-09-29T08:10:27+00:00","dateModified":"2025-03-06T20:56:39+00:00","description":"Karrier SME-Europe-n\u00e1l: csatlakozzon csapatunkhoz! Ismerje meg aktu\u00e1lis \u00e1ll\u00e1saj\u00e1nlatainkat, \u00e9s k\u00fcldje el jelentkez\u00e9s\u00e9t m\u00e9g ma!","breadcrumb":{"@id":"https:\/\/sme-europe.com\/karrier\/#breadcrumb"},"inLanguage":"de","potentialAction":[{"@type":"ReadAction","target":["https:\/\/sme-europe.com\/karrier\/"]}]},{"@type":"ImageObject","inLanguage":"de","@id":"https:\/\/sme-europe.com\/karrier\/#primaryimage","url":"https:\/\/ujweblap.sme-europe.com\/wp-content\/uploads\/2024\/11\/dylan-gillis-KdeqA3aTnBY-unsplash-3-1024x683-1.jpg","contentUrl":"https:\/\/ujweblap.sme-europe.com\/wp-content\/uploads\/2024\/11\/dylan-gillis-KdeqA3aTnBY-unsplash-3-1024x683-1.jpg"},{"@type":"BreadcrumbList","@id":"https:\/\/sme-europe.com\/karrier\/#breadcrumb","itemListElement":[{"@type":"ListItem","position":1,"name":"Home","item":"https:\/\/sme-europe.com\/"},{"@type":"ListItem","position":2,"name":"Karrier"}]},{"@type":"WebSite","@id":"https:\/\/sme-europe.com\/#website","url":"https:\/\/sme-europe.com\/","name":"SME-Europe Ltd.","description":"Transportation &amp; Logistics Business","potentialAction":[{"@type":"SearchAction","target":{"@type":"EntryPoint","urlTemplate":"https:\/\/sme-europe.com\/?s={search_term_string}"},"query-input":{"@type":"PropertyValueSpecification","valueRequired":true,"valueName":"search_term_string"}}],"inLanguage":"de"}]}},"_links":{"self":[{"href":"https:\/\/sme-europe.com\/de\/wp-json\/wp\/v2\/pages\/33","targetHints":{"allow":["GET"]}}],"collection":[{"href":"https:\/\/sme-europe.com\/de\/wp-json\/wp\/v2\/pages"}],"about":[{"href":"https:\/\/sme-europe.com\/de\/wp-json\/wp\/v2\/types\/page"}],"author":[{"embeddable":true,"href":"https:\/\/sme-europe.com\/de\/wp-json\/wp\/v2\/users\/1"}],"replies":[{"embeddable":true,"href":"https:\/\/sme-europe.com\/de\/wp-json\/wp\/v2\/comments?post=33"}],"version-history":[{"count":17,"href":"https:\/\/sme-europe.com\/de\/wp-json\/wp\/v2\/pages\/33\/revisions"}],"predecessor-version":[{"id":10545,"href":"https:\/\/sme-europe.com\/de\/wp-json\/wp\/v2\/pages\/33\/revisions\/10545"}],"wp:attachment":[{"href":"https:\/\/sme-europe.com\/de\/wp-json\/wp\/v2\/media?parent=33"}],"curies":[{"name":"wp","href":"https:\/\/api.w.org\/{rel}","templated":true}]}}