{"id":10601,"date":"2024-11-12T12:59:34","date_gmt":"2024-11-12T11:59:34","guid":{"rendered":"https:\/\/ujweblap.sme-europe.com\/?page_id=10601"},"modified":"2024-11-12T13:05:29","modified_gmt":"2024-11-12T12:05:29","slug":"cookie-nyilatkozat","status":"publish","type":"page","link":"https:\/\/sme-europe.com\/de\/cookie-nyilatkozat\/","title":{"rendered":"Cookie-Anweisung"},"content":{"rendered":"<div data-elementor-type=\"wp-page\" data-elementor-id=\"10601\" class=\"elementor elementor-10601\" data-elementor-post-type=\"page\">\n\t\t\t\t        <section class=\"elementor-section elementor-top-section elementor-element elementor-element-7cc9676 elementor-section-boxed elementor-section-height-default elementor-section-height-default pxl-row-scroll-none pxl-section-overflow-visible pxl-bg-color-none pxl-section-overlay-none\" data-id=\"7cc9676\" data-element_type=\"section\" data-e-type=\"section\">\n\n                \n                <div class=\"elementor-container elementor-column-gap-default\">\n                <div class=\"elementor-column elementor-col-100 elementor-top-column elementor-element elementor-element-1b79e03 pxl-column-none pxl-column-overflow-hidden-no\" data-id=\"1b79e03\" data-element_type=\"column\" data-e-type=\"column\">\r\n        <div class=\"elementor-widget-wrap elementor-element-populated\">\r\n                     \r\n        \t\t<div class=\"elementor-element elementor-element-8b12ee4 elementor-widget elementor-widget-pxl_text_editor\" data-id=\"8b12ee4\" data-element_type=\"widget\" data-e-type=\"widget\" data-widget_type=\"pxl_text_editor.default\">\n\t\t\t\t<div class=\"elementor-widget-container\">\n\t\t\t\t\t<div class=\"pxl-text-editor\">\n\t<div class=\"pxl-item--inner\" data-wow-delay=\"ms\">\n\t\t<p>Wir verwenden auf unserer Website \"Cookies\" (im Folgenden \"Cookies\"). Dies sind Dateien, die Informationen in Ihrem Webbrowser speichern. Sie erfordern Ihre Zustimmung.<br \/>Wir verwenden \"Cookies\" in \u00dcbereinstimmung mit den Bestimmungen des Gesetzes C von 2003 \u00fcber die elektronische Kommunikation, des Gesetzes CVIII von 2001 \u00fcber bestimmte Aspekte der Dienste des elektronischen Handels und der Informationsgesellschaft sowie der Europ\u00e4ischen Union.<br \/>F\u00fcr Websites, die in den L\u00e4ndern der Europ\u00e4ischen Union betrieben werden, ist f\u00fcr die Verwendung von \"Cookies\" und deren Speicherung auf dem Computer oder einem anderen Ger\u00e4t des Nutzers die Zustimmung des Nutzers erforderlich.<\/p><p><strong>(1) Verhaltenskodex f\u00fcr die Verwendung von \"Cookies\"<\/strong><br \/>Dieser Kodex ist der\u00a0<span id=\"domainNameToCookieInformation\">Domain-Name<\/span>\u00a0Website gilt f\u00fcr \"Cookies\".<\/p><p><strong>2. was sind \"Cookies\"?<\/strong><br \/>\"Cookies\" sind kleine Dateien, die Buchstaben und Zahlen enthalten. Ein \"Cookie\" ist ein Mittel zum Austausch von Informationen zwischen dem Webserver und dem Browser des Benutzers. Diese Dateien k\u00f6nnen nicht ausgef\u00fchrt werden, enthalten keine Spyware oder Viren und haben keinen Zugriff auf den Festplattenspeicher des Nutzers.<\/p><p><strong>3. wof\u00fcr k\u00f6nnen \"Cookies\" verwendet werden?<\/strong><br \/>Die von \"Cookies\" gesendeten Informationen erleichtern es den Internet-Browsern, sie zu erkennen, so dass die Nutzer relevante und \"personalisierte\" Inhalte erhalten. Cookies machen das Surfen bequemer, d. h. sie dienen dem Schutz der Privatsph\u00e4re und der Werbung. Cookies\" erm\u00f6glichen es den Betreibern von Websites auch, anonyme Statistiken \u00fcber die Gewohnheiten der Besucher ihrer Sites zu erstellen. Diese k\u00f6nnen von Website-Redakteuren verwendet werden, um das Erscheinungsbild der Website und ihren Inhalt weiter zu personalisieren.<\/p><p><strong>4. welche \"Cookies\" k\u00f6nnen Sie treffen?<\/strong><br \/>Websites k\u00f6nnen zwei Arten von Cookies verwenden:<\/p><ul><li>Tempor\u00e4re \"Cookies\", die auf Ihrem Ger\u00e4t verbleiben, bis Sie die Website verlassen.<\/li><li>Dauerhafte \"Cookies\", die je nach den Einstellungen Ihres Webbrowsers \u00fcber einen l\u00e4ngeren Zeitraum oder bis zu ihrer L\u00f6schung auf Ihrem Ger\u00e4t verbleiben k\u00f6nnen.<\/li><li>Cookies\" von Dritten (z. B. Google Analytics), die in Ihrem Browser platziert werden, wenn die von Ihnen besuchte Website Dienste von Dritten nutzt.<\/li><\/ul><p><em>Wesentliche Session-Id \"Cookies\":<\/em><\/p><p>Ihre Verwendung ist f\u00fcr die Navigation auf der Website und f\u00fcr die Funktionalit\u00e4t der Website unerl\u00e4sslich. Ohne ihre Zustimmung k\u00f6nnen die Website oder Teile der Website nicht oder fehlerhaft angezeigt werden.<\/p><p><em>Analytische oder leistungs\u00fcberwachende \"Cookies\":<\/em><\/p><p>Diese helfen uns, die Besucher der Website zu unterscheiden und Daten dar\u00fcber zu sammeln, wie sich die Besucher auf der Website verhalten. Diese \"Cookies\" werden z. B. verwendet, um sicherzustellen, dass die Website sich merkt, wann Sie sich anmelden, wenn Sie sie anfordern. Sie sammeln keine Informationen, mit denen Sie identifiziert werden k\u00f6nnen. Die Daten werden aggregiert und anonym gespeichert (z. B. Google Analytics).<\/p><p><em>Funktionale \"Cookies\":<\/em><\/p><p>Diese Cookies werden verwendet, um die Benutzerfreundlichkeit zu verbessern. Sie erkennen und speichern z. B. das Ger\u00e4t, mit dem Sie auf die Website zugreifen, oder Informationen, die Sie zuvor angegeben und deren Speicherung Sie beantragt haben, wie z. B. die automatische Anmeldung, die Wahl der Sprache, der Textgr\u00f6\u00dfe, der Schriftart oder andere anpassbare Elemente der Website. Diese \"Cookies\" verfolgen nicht Ihre Aktivit\u00e4ten auf anderen Websites. Die von ihnen gesammelten Informationen k\u00f6nnen jedoch personenbezogene Daten enthalten, die Sie mitgeteilt haben.<\/p><p><em>Gezielte oder werbende \"Cookies\":<\/em><\/p><p>Diese helfen den Websites, Informationen (Marketing) zu liefern, die Ihren Interessen am ehesten entsprechen. Dazu ist Ihre ausdr\u00fcckliche Zustimmung erforderlich. Diese Cookies sammeln detaillierte Informationen \u00fcber Ihre Surfgewohnheiten.<\/p><p><br \/><strong>5. enthalten die \"Cookies\" personenbezogene Daten?<\/strong><\/p><p>Die meisten \"Cookies\" enthalten keine pers\u00f6nlichen Informationen und identifizieren die Nutzer nicht. Die gespeicherten Daten sind f\u00fcr die Bequemlichkeit des Browsens notwendig und werden so gespeichert, dass ein unbefugter Zugriff nicht m\u00f6glich ist.<\/p><p><strong>6. warum sind \"Cookies\" im Internet wichtig?<\/strong><\/p><p>Die Rolle der \"Cookies\" besteht darin, das Surfen f\u00fcr die Benutzer bequemer zu machen, da sie den Browserverlauf verwenden, um die Werbung und den Inhalt f\u00fcr die Benutzer einzustellen. Die Deaktivierung oder Einschr\u00e4nkung von \"Cookies\" macht einige Websites unbrauchbar. Die Deaktivierung oder Einschr\u00e4nkung von \"Cookies\" bedeutet jedoch nicht, dass die Nutzer keine Werbung sehen, sondern dass die angezeigten Anzeigen und Inhalte nicht \"personalisiert\" sind, d. h. nicht auf die Bed\u00fcrfnisse und Interessen der Nutzer zugeschnitten. Einige Beispiele f\u00fcr die Verwendung von \"Cookies\":<\/p><ul><li>Anzeige von Inhalten, Dienstleistungen und Produkten, die auf die Bed\u00fcrfnisse des Nutzers zugeschnitten sind.<\/li><li>Auf die Interessen des Nutzers zugeschnittene Angebote.<\/li><li>F\u00fcr den Fall, dass Sie einen Login-Kommentar angefordert haben (eingeloggt bleiben).<\/li><li>Anmerkungen zur elterlichen Kontrolle von Internetinhalten (Familienmodusoptionen, sichere Suchfunktionen).<\/li><li>Begrenzung der H\u00e4ufigkeit der Werbung, d. h. Begrenzung der Anzahl der Anzeigen, die einem Nutzer auf einer Website angezeigt werden k\u00f6nnen.<\/li><li>Anzeige von Werbung, die f\u00fcr den Nutzer relevant ist.<\/li><li>Geotargeting<\/li><\/ul><p><strong>7. sicherheits- und datensicherheitsbezogene Faktoren.<\/strong><\/p><p>\"Cookies\" sind keine Viren oder Spyware. Da es sich um reine Textdateien handelt, k\u00f6nnen sie nicht ausgef\u00fchrt werden und gelten daher nicht als Programme. Sie k\u00f6nnen jedoch andere Absichten (b\u00f6swillige Absichten) haben, um Informationen in dem \"Cookie\" zu verstecken, so dass sie als Spyware fungieren k\u00f6nnen. Aus diesem Grund k\u00f6nnen Antivirus- und Antivirenprogramme die \"Cookies\" dauerhaft l\u00f6schen.<\/p><p>Da das Internet-Browsing-Ger\u00e4t und die Webserver in st\u00e4ndiger Kommunikation stehen und Daten hin- und herschicken, kann ein Angreifer (Hacker), wenn er in diesen Prozess eingreift, die in den \"Cookies\" gespeicherten Informationen auslesen. Einer der Gr\u00fcnde daf\u00fcr k\u00f6nnte z. B. eine unzureichend verschl\u00fcsselte Internet-(WiFi-)Einstellung sein. Diese Schwachstelle kann ausgenutzt werden, um Daten aus den \"Cookies\" zu extrahieren.<\/p><p><strong>8 Verwaltung und L\u00f6schung von \"Cookies\"<\/strong><\/p><p>Sie k\u00f6nnen \"Cookies\" in den von Ihnen verwendeten Browserprogrammen l\u00f6schen oder deaktivieren. Standardm\u00e4\u00dfig lassen die Browser das Setzen von Cookies zu. Sie k\u00f6nnen dies in Ihren Browsereinstellungen deaktivieren und vorhandene Cookies l\u00f6schen. Sie k\u00f6nnen den Browser auch so einstellen, dass er den Benutzer benachrichtigt, wenn ein Cookie an das Ger\u00e4t gesendet wird. Es ist jedoch wichtig zu betonen, dass die Deaktivierung oder Einschr\u00e4nkung dieser Dateien das Browsing-Erlebnis beeintr\u00e4chtigt und auch zu Fehlern in der Funktionalit\u00e4t der Website f\u00fchren kann.<\/p><ul><li>Die Optionen befinden sich normalerweise im Men\u00fc \"Optionen\" oder \"Einstellungen\" des Browsers. Da jeder Webbrowser anders ist, verwenden Sie bitte das Men\u00fc \"Hilfe\" Ihres Browsers oder die nachstehenden Links, um Ihre Cookie-Einstellungen zu \u00e4ndern:<\/li><\/ul><p><a href=\"https:\/\/support.microsoft.com\/en-us\/kb\/196955\">Cookie-Einstellungen im Internet Explorer<\/a><br \/><a href=\"https:\/\/support.mozilla.org\/en-US\/kb\/cookies-information-websites-store-on-your-computer?redirectlocale=en-US&amp;redirectslug=Cookies\">Cookie-Einstellungen in Firefox<\/a><br \/><a href=\"https:\/\/support.google.com\/chrome\/answer\/95647?hl=en\">Cookie-Einstellungen in Chrome<\/a><br \/><a href=\"https:\/\/support.apple.com\/kb\/PH5042?locale=en_US\">Cookie-Einstellungen in Safari<\/a><\/p><ul><li>Um die anonymen Google Analytics-Cookies\" zu deaktivieren, k\u00f6nnen Sie ein so genanntes Google Analytics-Plug-in\" in Ihrem Browser installieren, das verhindert, dass die Website Informationen \u00fcber Sie an Google Analytics sendet. Weitere Informationen dazu finden Sie unter den unten stehenden Links:<\/li><\/ul><p><a href=\"https:\/\/support.google.com\/analytics\/answer\/6004245\">Google Analytics und Datenschutz<\/a>\u00a0oder\u00a0<a href=\"http:\/\/www.google.hu\/intl\/hu\/policies\/technologies\/\">Google-Grunds\u00e4tze und Richtlinien<\/a><\/p><p><strong>9. weitere n\u00fctzliche Links<\/strong><\/p><p>Wenn Sie mehr \u00fcber \"Cookies\" und ihre Verwendung erfahren m\u00f6chten:<\/p><p><a href=\"http:\/\/www.microsoft.com\/info\/cookies.mspx\">Microsoft Cookies-Leitfaden<\/a><br \/><a href=\"http:\/\/www.allaboutcookies.org\/\">Alles \u00fcber Cookies<\/a><br \/><a href=\"https:\/\/www.facebook.com\/help\/cookies\/\">Facebook-Cookies<\/a><\/p>\t\t\n\t<\/div>\n<\/div>\t\t\t\t<\/div>\n\t\t\t\t<\/div>\n\t\t            <\/div>\r\n        <\/div>\r\n        \t\t\t<\/div>\n\t\t<\/section>\n\t\t\t\t<\/div>","protected":false},"excerpt":{"rendered":"<p>Weboldalunkon \u201ecookie\u201d-kat (tov\u00e1bbiakban \u201es\u00fcti\u201d) alkalmazunk. Ezek olyan f\u00e1jlok, melyek inform\u00e1ci\u00f3t t\u00e1rolnak webes b\u00f6ng\u00e9sz\u0151j\u00e9ben. Ehhez a hozz\u00e1j\u00e1rul\u00e1sod sz\u00fcks\u00e9ges.A \u201es\u00fctiket\u201d az elektronikus h\u00edrk\u00f6zl\u00e9sr\u0151l sz\u00f3l\u00f3 2003. \u00e9vi C. t\u00f6rv\u00e9ny, az elektronikus kereskedelmi szolg\u00e1ltat\u00e1sok, az inform\u00e1ci\u00f3s t\u00e1rsadalommal \u00f6sszef\u00fcgg\u0151 szolg\u00e1ltat\u00e1sok egyes k\u00e9rd\u00e9seir\u0151l sz\u00f3l\u00f3 2001. \u00e9vi CVIII. t\u00f6rv\u00e9ny, valamint az Eur\u00f3pai Uni\u00f3 el\u0151\u00edr\u00e1sainak megfelel\u0151en haszn\u00e1ljuk.Azon weblapoknak, melyek az Eur\u00f3pai Uni\u00f3 orsz\u00e1gain [&hellip;]<\/p>\n","protected":false},"author":1,"featured_media":0,"parent":0,"menu_order":0,"comment_status":"closed","ping_status":"closed","template":"","meta":{"footnotes":""},"class_list":["post-10601","page","type-page","status-publish","hentry"],"yoast_head":"<!-- This site is optimized with the Yoast SEO plugin v27.5 - https:\/\/yoast.com\/product\/yoast-seo-wordpress\/ -->\n<title>Cookie nyilatkozat - SME-Europe Ltd.<\/title>\n<meta name=\"robots\" content=\"index, follow, max-snippet:-1, max-image-preview:large, max-video-preview:-1\" \/>\n<link rel=\"canonical\" href=\"https:\/\/sme-europe.com\/de\/cookie-nyilatkozat\/\" \/>\n<meta property=\"og:locale\" content=\"de_DE\" \/>\n<meta property=\"og:type\" content=\"article\" \/>\n<meta property=\"og:title\" content=\"Cookie nyilatkozat - SME-Europe Ltd.\" \/>\n<meta property=\"og:description\" content=\"Weboldalunkon \u201ecookie\u201d-kat (tov\u00e1bbiakban \u201es\u00fcti\u201d) alkalmazunk. Ezek olyan f\u00e1jlok, melyek inform\u00e1ci\u00f3t t\u00e1rolnak webes b\u00f6ng\u00e9sz\u0151j\u00e9ben. Ehhez a hozz\u00e1j\u00e1rul\u00e1sod sz\u00fcks\u00e9ges.A \u201es\u00fctiket\u201d az elektronikus h\u00edrk\u00f6zl\u00e9sr\u0151l sz\u00f3l\u00f3 2003. \u00e9vi C. t\u00f6rv\u00e9ny, az elektronikus kereskedelmi szolg\u00e1ltat\u00e1sok, az inform\u00e1ci\u00f3s t\u00e1rsadalommal \u00f6sszef\u00fcgg\u0151 szolg\u00e1ltat\u00e1sok egyes k\u00e9rd\u00e9seir\u0151l sz\u00f3l\u00f3 2001. \u00e9vi CVIII. t\u00f6rv\u00e9ny, valamint az Eur\u00f3pai Uni\u00f3 el\u0151\u00edr\u00e1sainak megfelel\u0151en haszn\u00e1ljuk.Azon weblapoknak, melyek az Eur\u00f3pai Uni\u00f3 orsz\u00e1gain [&hellip;]\" \/>\n<meta property=\"og:url\" content=\"https:\/\/sme-europe.com\/de\/cookie-nyilatkozat\/\" \/>\n<meta property=\"og:site_name\" content=\"SME-Europe Ltd.\" \/>\n<meta property=\"article:modified_time\" content=\"2024-11-12T12:05:29+00:00\" \/>\n<meta name=\"twitter:card\" content=\"summary_large_image\" \/>\n<meta name=\"twitter:label1\" content=\"Gesch\u00e4tzte Lesezeit\" \/>\n\t<meta name=\"twitter:data1\" content=\"8\u00a0Minuten\" \/>\n<script type=\"application\/ld+json\" class=\"yoast-schema-graph\">{\"@context\":\"https:\\\/\\\/schema.org\",\"@graph\":[{\"@type\":\"WebPage\",\"@id\":\"https:\\\/\\\/sme-europe.com\\\/cookie-nyilatkozat\\\/\",\"url\":\"https:\\\/\\\/sme-europe.com\\\/cookie-nyilatkozat\\\/\",\"name\":\"Cookie nyilatkozat - SME-Europe Ltd.\",\"isPartOf\":{\"@id\":\"https:\\\/\\\/sme-europe.com\\\/#website\"},\"datePublished\":\"2024-11-12T11:59:34+00:00\",\"dateModified\":\"2024-11-12T12:05:29+00:00\",\"breadcrumb\":{\"@id\":\"https:\\\/\\\/sme-europe.com\\\/cookie-nyilatkozat\\\/#breadcrumb\"},\"inLanguage\":\"de\",\"potentialAction\":[{\"@type\":\"ReadAction\",\"target\":[\"https:\\\/\\\/sme-europe.com\\\/cookie-nyilatkozat\\\/\"]}]},{\"@type\":\"BreadcrumbList\",\"@id\":\"https:\\\/\\\/sme-europe.com\\\/cookie-nyilatkozat\\\/#breadcrumb\",\"itemListElement\":[{\"@type\":\"ListItem\",\"position\":1,\"name\":\"Home\",\"item\":\"https:\\\/\\\/sme-europe.com\\\/\"},{\"@type\":\"ListItem\",\"position\":2,\"name\":\"Cookie nyilatkozat\"}]},{\"@type\":\"WebSite\",\"@id\":\"https:\\\/\\\/sme-europe.com\\\/#website\",\"url\":\"https:\\\/\\\/sme-europe.com\\\/\",\"name\":\"SME-Europe Ltd.\",\"description\":\"Transportation &amp; Logistics Business\",\"potentialAction\":[{\"@type\":\"SearchAction\",\"target\":{\"@type\":\"EntryPoint\",\"urlTemplate\":\"https:\\\/\\\/sme-europe.com\\\/?s={search_term_string}\"},\"query-input\":{\"@type\":\"PropertyValueSpecification\",\"valueRequired\":true,\"valueName\":\"search_term_string\"}}],\"inLanguage\":\"de\"}]}<\/script>\n<!-- \/ Yoast SEO plugin. -->","yoast_head_json":{"title":"Cookie nyilatkozat - SME-Europe Ltd.","robots":{"index":"index","follow":"follow","max-snippet":"max-snippet:-1","max-image-preview":"max-image-preview:large","max-video-preview":"max-video-preview:-1"},"canonical":"https:\/\/sme-europe.com\/de\/cookie-nyilatkozat\/","og_locale":"de_DE","og_type":"article","og_title":"Cookie nyilatkozat - SME-Europe Ltd.","og_description":"Weboldalunkon \u201ecookie\u201d-kat (tov\u00e1bbiakban \u201es\u00fcti\u201d) alkalmazunk. Ezek olyan f\u00e1jlok, melyek inform\u00e1ci\u00f3t t\u00e1rolnak webes b\u00f6ng\u00e9sz\u0151j\u00e9ben. Ehhez a hozz\u00e1j\u00e1rul\u00e1sod sz\u00fcks\u00e9ges.A \u201es\u00fctiket\u201d az elektronikus h\u00edrk\u00f6zl\u00e9sr\u0151l sz\u00f3l\u00f3 2003. \u00e9vi C. t\u00f6rv\u00e9ny, az elektronikus kereskedelmi szolg\u00e1ltat\u00e1sok, az inform\u00e1ci\u00f3s t\u00e1rsadalommal \u00f6sszef\u00fcgg\u0151 szolg\u00e1ltat\u00e1sok egyes k\u00e9rd\u00e9seir\u0151l sz\u00f3l\u00f3 2001. \u00e9vi CVIII. t\u00f6rv\u00e9ny, valamint az Eur\u00f3pai Uni\u00f3 el\u0151\u00edr\u00e1sainak megfelel\u0151en haszn\u00e1ljuk.Azon weblapoknak, melyek az Eur\u00f3pai Uni\u00f3 orsz\u00e1gain [&hellip;]","og_url":"https:\/\/sme-europe.com\/de\/cookie-nyilatkozat\/","og_site_name":"SME-Europe Ltd.","article_modified_time":"2024-11-12T12:05:29+00:00","twitter_card":"summary_large_image","twitter_misc":{"Gesch\u00e4tzte Lesezeit":"8\u00a0Minuten"},"schema":{"@context":"https:\/\/schema.org","@graph":[{"@type":"WebPage","@id":"https:\/\/sme-europe.com\/cookie-nyilatkozat\/","url":"https:\/\/sme-europe.com\/cookie-nyilatkozat\/","name":"Cookie nyilatkozat - SME-Europe Ltd.","isPartOf":{"@id":"https:\/\/sme-europe.com\/#website"},"datePublished":"2024-11-12T11:59:34+00:00","dateModified":"2024-11-12T12:05:29+00:00","breadcrumb":{"@id":"https:\/\/sme-europe.com\/cookie-nyilatkozat\/#breadcrumb"},"inLanguage":"de","potentialAction":[{"@type":"ReadAction","target":["https:\/\/sme-europe.com\/cookie-nyilatkozat\/"]}]},{"@type":"BreadcrumbList","@id":"https:\/\/sme-europe.com\/cookie-nyilatkozat\/#breadcrumb","itemListElement":[{"@type":"ListItem","position":1,"name":"Home","item":"https:\/\/sme-europe.com\/"},{"@type":"ListItem","position":2,"name":"Cookie nyilatkozat"}]},{"@type":"WebSite","@id":"https:\/\/sme-europe.com\/#website","url":"https:\/\/sme-europe.com\/","name":"SME-Europe Ltd.","description":"Transportation &amp; Logistics Business","potentialAction":[{"@type":"SearchAction","target":{"@type":"EntryPoint","urlTemplate":"https:\/\/sme-europe.com\/?s={search_term_string}"},"query-input":{"@type":"PropertyValueSpecification","valueRequired":true,"valueName":"search_term_string"}}],"inLanguage":"de"}]}},"_links":{"self":[{"href":"https:\/\/sme-europe.com\/de\/wp-json\/wp\/v2\/pages\/10601","targetHints":{"allow":["GET"]}}],"collection":[{"href":"https:\/\/sme-europe.com\/de\/wp-json\/wp\/v2\/pages"}],"about":[{"href":"https:\/\/sme-europe.com\/de\/wp-json\/wp\/v2\/types\/page"}],"author":[{"embeddable":true,"href":"https:\/\/sme-europe.com\/de\/wp-json\/wp\/v2\/users\/1"}],"replies":[{"embeddable":true,"href":"https:\/\/sme-europe.com\/de\/wp-json\/wp\/v2\/comments?post=10601"}],"version-history":[{"count":7,"href":"https:\/\/sme-europe.com\/de\/wp-json\/wp\/v2\/pages\/10601\/revisions"}],"predecessor-version":[{"id":10608,"href":"https:\/\/sme-europe.com\/de\/wp-json\/wp\/v2\/pages\/10601\/revisions\/10608"}],"wp:attachment":[{"href":"https:\/\/sme-europe.com\/de\/wp-json\/wp\/v2\/media?parent=10601"}],"curies":[{"name":"wp","href":"https:\/\/api.w.org\/{rel}","templated":true}]}}